{"id":3654,"date":"2024-02-29T14:34:05","date_gmt":"2024-02-29T13:34:05","guid":{"rendered":"https:\/\/barbozaholding.com\/?post_type=product&#038;p=3654"},"modified":"2024-02-29T14:34:07","modified_gmt":"2024-02-29T13:34:07","slug":"lustre-3-anneaux-modulable","status":"publish","type":"product","link":"https:\/\/barbozaholdings.com\/?product=lustre-3-anneaux-modulable","title":{"rendered":"Lustre 3 anneaux modulable"},"content":{"rendered":"","protected":false},"excerpt":{"rendered":"<h6><span id=\"title\" class=\"a-size-small\">Anneaux, Hauteur R\u00e9glable<\/span><\/h6>\n<h6><span id=\"title\" class=\"a-size-small\">Suspension Led 72W<\/span><\/h6>\n<h6><span id=\"title\" class=\"a-size-small\">Circulaire Lustre Acrylique Dor\u00e9<\/span><\/h6>\n<h6><span id=\"title\" class=\"a-size-small\">20 + 40 + 60 Cm<\/span><\/h6>\n<p>Lustre Salon ou Chambre: Ajoutez de la splendeur et du style \u00e0 votre d\u00e9coration d\u2019int\u00e9rieur : ce lustre en cristal est plein de glamour et d\u2019\u00e9clat et fini<\/p>\n<p>Ajoutez une \u00e9l\u00e9gance intemporelle \u00e0 votre espace int\u00e9rieur avec ce lustre modulable<\/p>\n","protected":false},"featured_media":3643,"comment_status":"open","ping_status":"closed","template":"","meta":[],"product_brand":[],"product_cat":[45],"product_tag":[],"class_list":{"0":"post-3654","1":"product","2":"type-product","3":"status-publish","4":"has-post-thumbnail","6":"product_cat-maison-et-bureau","8":"first","9":"instock","10":"shipping-taxable","11":"product-type-simple"},"_links":{"self":[{"href":"https:\/\/barbozaholdings.com\/index.php?rest_route=\/wp\/v2\/product\/3654","targetHints":{"allow":["GET"]}}],"collection":[{"href":"https:\/\/barbozaholdings.com\/index.php?rest_route=\/wp\/v2\/product"}],"about":[{"href":"https:\/\/barbozaholdings.com\/index.php?rest_route=\/wp\/v2\/types\/product"}],"replies":[{"embeddable":true,"href":"https:\/\/barbozaholdings.com\/index.php?rest_route=%2Fwp%2Fv2%2Fcomments&post=3654"}],"wp:featuredmedia":[{"embeddable":true,"href":"https:\/\/barbozaholdings.com\/index.php?rest_route=\/wp\/v2\/media\/3643"}],"wp:attachment":[{"href":"https:\/\/barbozaholdings.com\/index.php?rest_route=%2Fwp%2Fv2%2Fmedia&parent=3654"}],"wp:term":[{"taxonomy":"product_brand","embeddable":true,"href":"https:\/\/barbozaholdings.com\/index.php?rest_route=%2Fwp%2Fv2%2Fproduct_brand&post=3654"},{"taxonomy":"product_cat","embeddable":true,"href":"https:\/\/barbozaholdings.com\/index.php?rest_route=%2Fwp%2Fv2%2Fproduct_cat&post=3654"},{"taxonomy":"product_tag","embeddable":true,"href":"https:\/\/barbozaholdings.com\/index.php?rest_route=%2Fwp%2Fv2%2Fproduct_tag&post=3654"}],"curies":[{"name":"wp","href":"https:\/\/api.w.org\/{rel}","templated":true}]}}