{"id":3695,"date":"2024-02-29T15:47:57","date_gmt":"2024-02-29T14:47:57","guid":{"rendered":"https:\/\/barbozaholding.com\/?post_type=product&#038;p=3695"},"modified":"2024-02-29T15:54:05","modified_gmt":"2024-02-29T14:54:05","slug":"applique-murale-design-moderne-deta","status":"publish","type":"product","link":"https:\/\/barbozaholdings.com\/?product=applique-murale-design-moderne-deta","title":{"rendered":"APPLIQUE MURALE DESIGN MODERNE DETA"},"content":{"rendered":"<p>L&rsquo;applique murale DETA se distingue par sa grande \u00e9l\u00e9gance et sa sobri\u00e9t\u00e9. Son style\u00a0aux influences modernes d\u00e9gagera un \u00e9clairage LED diffus au sein de votre int\u00e9rieur. Elle s&rsquo;adaptera \u00e0 toutes vos pi\u00e8ces en ajoutant une touche de d\u00e9coration \u00e0 la fois \u00e9l\u00e9gante, design et moderne.<\/p>\n","protected":false},"excerpt":{"rendered":"<p>Nom de l&rsquo;article :\u00a0Applique DETA<\/p>\n<p>Certification : CE<\/p>\n<p>Dimensions : 205mm \/ 410mm \/ 610mm<\/p>\n<p>Mati\u00e8re\u00a0: Aluminium<\/p>\n<p>Couleurs\u00a0:\u00a0Blanc \/\u00a0Noir \/ Or \/ Caf\u00e9<\/p>\n<p>IP: IP 20<\/p>\n","protected":false},"featured_media":3701,"comment_status":"open","ping_status":"closed","template":"","meta":[],"product_brand":[],"product_cat":[46,45],"product_tag":[],"class_list":{"0":"post-3695","1":"product","2":"type-product","3":"status-publish","4":"has-post-thumbnail","6":"product_cat-eclairage-led","7":"product_cat-maison-et-bureau","9":"first","10":"instock","11":"shipping-taxable","12":"product-type-simple"},"_links":{"self":[{"href":"https:\/\/barbozaholdings.com\/index.php?rest_route=\/wp\/v2\/product\/3695","targetHints":{"allow":["GET"]}}],"collection":[{"href":"https:\/\/barbozaholdings.com\/index.php?rest_route=\/wp\/v2\/product"}],"about":[{"href":"https:\/\/barbozaholdings.com\/index.php?rest_route=\/wp\/v2\/types\/product"}],"replies":[{"embeddable":true,"href":"https:\/\/barbozaholdings.com\/index.php?rest_route=%2Fwp%2Fv2%2Fcomments&post=3695"}],"wp:featuredmedia":[{"embeddable":true,"href":"https:\/\/barbozaholdings.com\/index.php?rest_route=\/wp\/v2\/media\/3701"}],"wp:attachment":[{"href":"https:\/\/barbozaholdings.com\/index.php?rest_route=%2Fwp%2Fv2%2Fmedia&parent=3695"}],"wp:term":[{"taxonomy":"product_brand","embeddable":true,"href":"https:\/\/barbozaholdings.com\/index.php?rest_route=%2Fwp%2Fv2%2Fproduct_brand&post=3695"},{"taxonomy":"product_cat","embeddable":true,"href":"https:\/\/barbozaholdings.com\/index.php?rest_route=%2Fwp%2Fv2%2Fproduct_cat&post=3695"},{"taxonomy":"product_tag","embeddable":true,"href":"https:\/\/barbozaholdings.com\/index.php?rest_route=%2Fwp%2Fv2%2Fproduct_tag&post=3695"}],"curies":[{"name":"wp","href":"https:\/\/api.w.org\/{rel}","templated":true}]}}