{"id":3702,"date":"2024-02-29T16:14:01","date_gmt":"2024-02-29T15:14:01","guid":{"rendered":"https:\/\/barbozaholding.com\/?post_type=product&#038;p=3702"},"modified":"2024-02-29T16:37:19","modified_gmt":"2024-02-29T15:37:19","slug":"lampe-dinondation-solaire-menee","status":"publish","type":"product","link":"https:\/\/barbozaholdings.com\/?product=lampe-dinondation-solaire-menee","title":{"rendered":"Lampe d&rsquo;inondation solaire men\u00e9e"},"content":{"rendered":"<p style=\"font-weight: 400;\">\u00c9clairage de s\u00e9curit\u00e9 solaire \u00e0 LED &#8211; CONTR\u00d4LE MULTIPLE: La t\u00e9l\u00e9commande IR de mise \u00e0 niveau est plus compacte que les autres produits, vous devez la pointer vers le r\u00e9cepteur IR l\u00e9ger. La gamme \uff1a 32.8-42.6ft. Pleine \/ demi luminosit\u00e9, mode de synchronisation 3\/5\/8 heures, mode automatique: s&rsquo;allume au cr\u00e9puscule et s&rsquo;\u00e9teint automatiquement \u00e0 l&rsquo;aube. Remarque: batterie incluse.<\/p>\n<p style=\"font-weight: 400;\">Lumi\u00e8re solaire polyvalente et installation facile \uff1a Il est tr\u00e8s facile \u00e0 installer et il existe de nombreuses options d&rsquo;installation pour votre choix. Avec le support de montage mural r\u00e9glable, vous pouvez le monter sur le mur avec des vis comme \u00e9clairage de s\u00e9curit\u00e9, l&rsquo;installer sur le poteau comme lampe de travail ou simplement le poser au sol comme \u00e9clairage de paysage pour n&rsquo;importe o\u00f9 qui en a besoin. comme lumi\u00e8re solaire de jardin, lumi\u00e8re solaire de garage, lumi\u00e8re solaire de pelouse, lumi\u00e8re solaire de paysage, lumi\u00e8res de s\u00e9curit\u00e9 solaires, lampadaires solaires et plus.<\/p>\n<p style=\"font-weight: 400;\">T\u00e9l\u00e9commande + capteur de mouvement radar + contr\u00f4le automatique \uff1a Ce projecteur \u00e0 \u00e9nergie solaire est contr\u00f4l\u00e9 par une t\u00e9l\u00e9commande haute puissance et la distance de la t\u00e9l\u00e9commande jusqu&rsquo;\u00e0 12 m.Vous pouvez utiliser la t\u00e9l\u00e9commande pour s\u00e9lectionner le mode de travail, elle dispose d&rsquo;un mode de contr\u00f4le automatique, d&rsquo;un mode minuterie et plus. Nos lumi\u00e8res ont une fonction de m\u00e9moire par d\u00e9faut, ce qui signifie que si vous d\u00e9finissez une fonction auparavant, la lumi\u00e8re sera toujours sous cette fonction \u00e0 l&rsquo;avenir, sauf si vous l&rsquo;annulez. Plus de d\u00e9tails, veuillez consulter le manuel.<\/p>\n<p style=\"font-weight: 400;\">SUPER BRIGHT \uff1a 45 perles LED de haute qualit\u00e9 peuvent \u00e9clairer une zone d&rsquo;environ 80 \u00e0 100 m\u00b2. Batterie au lithium de classe A int\u00e9gr\u00e9e \uff0c capacit\u00e9 r\u00e9elle sup\u00e9rieure \u00e0 15000 mah. Le mode pleine lumi\u00e8re durera de 8 \u00e0 16 heures tandis que le mode demi-lumi\u00e8re fonctionnera pendant plus de 20 heures apr\u00e8s une charge compl\u00e8te. (le temps d&rsquo;\u00e9clairage varie en fonction de votre situation g\u00e9ographique)<\/p>\n<p style=\"font-weight: 400;\">Projecteurs solaires &#8211; Mode intelligent et mat\u00e9riau durable \uff1a Le panneau solaire 10 W, la batterie 10000 mah et la lumi\u00e8re d&rsquo;inondation solaire \u00e0 45 perles LED PCS avec t\u00e9l\u00e9commande vous offrent un moyen plus pratique. Batterie LiFePo4 durable avec une dur\u00e9e de vie de plus de 3 ans, corps l\u00e9ger en aluminium. Processus de protection du bo\u00eetier ABS \u00e9tanche IP65 et anti UV.<\/p>\n<p style=\"font-weight: 400;\">Projecteur solaire ext\u00e9rieur-IP65 \u00c9tanche et largement application \uff1a Con\u00e7u comme un corps en alliage d&rsquo;aluminium et un panneau de verre tremp\u00e9 int\u00e9gr\u00e9 sans soudure, notre lampe a un niveau d&rsquo;\u00e9tanch\u00e9it\u00e9 IP65 qui peut r\u00e9sister \u00e0 toutes les conditions m\u00e9t\u00e9orologiques extr\u00eames et \u00eatre utilis\u00e9e \u00e0 l&rsquo;ext\u00e9rieur toute l&rsquo;ann\u00e9e. Pendant ce temps, ces lampes solaires peuvent \u00eatre largement utilis\u00e9es pour le jardin, le garage, la pelouse, la piscine, la cl\u00f4ture, la passerelle, la terrasse, la ferme, le patio et d&rsquo;autres espaces ext\u00e9rieurs.<\/p>\n","protected":false},"excerpt":{"rendered":"<p class=\"p\" align=\"justify\">-Capteur photo\u00e9lectrique int\u00e9gr\u00e9, marche \/ arr\u00eat automatique du cr\u00e9puscule \u00e0 l&rsquo;aube<\/p>\n<p class=\"p\" align=\"justify\">-Facile \u00e0 installer, \u00e9tanche et durable<\/p>\n<p class=\"p\" align=\"justify\">-Economie d&rsquo;\u00e9nergie et protection de l&rsquo;environnement<\/p>\n<p class=\"p\" align=\"justify\">-Batterie au lithium fer phosphate int\u00e9gr\u00e9e, r\u00e9sistance aux hautes temp\u00e9ratures et longue dur\u00e9e de vie<\/p>\n<p class=\"p\" align=\"justify\">-Classe \u00e9tanche IP65, cadre ABS + panneau solaire en verre tremp\u00e9<\/p>\n","protected":false},"featured_media":3703,"comment_status":"open","ping_status":"closed","template":"","meta":[],"product_brand":[],"product_cat":[46,45],"product_tag":[],"class_list":{"0":"post-3702","1":"product","2":"type-product","3":"status-publish","4":"has-post-thumbnail","6":"product_cat-eclairage-led","7":"product_cat-maison-et-bureau","9":"first","10":"instock","11":"shipping-taxable","12":"product-type-simple"},"_links":{"self":[{"href":"https:\/\/barbozaholdings.com\/index.php?rest_route=\/wp\/v2\/product\/3702","targetHints":{"allow":["GET"]}}],"collection":[{"href":"https:\/\/barbozaholdings.com\/index.php?rest_route=\/wp\/v2\/product"}],"about":[{"href":"https:\/\/barbozaholdings.com\/index.php?rest_route=\/wp\/v2\/types\/product"}],"replies":[{"embeddable":true,"href":"https:\/\/barbozaholdings.com\/index.php?rest_route=%2Fwp%2Fv2%2Fcomments&post=3702"}],"wp:featuredmedia":[{"embeddable":true,"href":"https:\/\/barbozaholdings.com\/index.php?rest_route=\/wp\/v2\/media\/3703"}],"wp:attachment":[{"href":"https:\/\/barbozaholdings.com\/index.php?rest_route=%2Fwp%2Fv2%2Fmedia&parent=3702"}],"wp:term":[{"taxonomy":"product_brand","embeddable":true,"href":"https:\/\/barbozaholdings.com\/index.php?rest_route=%2Fwp%2Fv2%2Fproduct_brand&post=3702"},{"taxonomy":"product_cat","embeddable":true,"href":"https:\/\/barbozaholdings.com\/index.php?rest_route=%2Fwp%2Fv2%2Fproduct_cat&post=3702"},{"taxonomy":"product_tag","embeddable":true,"href":"https:\/\/barbozaholdings.com\/index.php?rest_route=%2Fwp%2Fv2%2Fproduct_tag&post=3702"}],"curies":[{"name":"wp","href":"https:\/\/api.w.org\/{rel}","templated":true}]}}